{"id":26509,"date":"2021-04-28T16:20:23","date_gmt":"2021-04-28T14:20:23","guid":{"rendered":"https:\/\/zerotowild.org\/?page_id=26509"},"modified":"2021-05-19T10:16:48","modified_gmt":"2021-05-19T08:16:48","slug":"partner-collaborazioni","status":"publish","type":"page","link":"https:\/\/zerotowild.org\/en\/partner-collaborazioni\/","title":{"rendered":"Partner"},"content":{"rendered":"<p>[et_pb_section fb_built=&#8221;1&#8243; fullwidth=&#8221;on&#8221; disabled_on=&#8221;off|off|off&#8221; _builder_version=&#8221;4.9.4&#8243; bottom_divider_style=&#8221;ramp2&#8243; bottom_divider_color=&#8221;#FFFFFF&#8221; bottom_divider_height=&#8221;120px&#8221; bottom_divider_flip=&#8221;horizontal&#8221; animation_direction=&#8221;top&#8221;][et_pb_fullwidth_header title=&#8221;Partner&#8221; content_max_width=&#8221;800px&#8221; _builder_version=&#8221;4.9.4&#8243; title_level=&#8221;h2&#8243; title_font=&#8221;Lato||||||||&#8221; title_font_size=&#8221;60px&#8221; title_line_height=&#8221;1.2em&#8221; content_font=&#8221;||||||||&#8221; content_font_size=&#8221;20px&#8221; content_line_height=&#8221;1.8em&#8221; background_color=&#8221;rgba(255, 255, 255, 0)&#8221; use_background_color_gradient=&#8221;on&#8221; background_color_gradient_start=&#8221;rgba(0,0,0,0.75)&#8221; background_color_gradient_end=&#8221;rgba(0,0,0,0)&#8221; background_color_gradient_direction=&#8221;90deg&#8221; background_color_gradient_overlays_image=&#8221;on&#8221; background_image=&#8221;https:\/\/zerotowild.org\/wp-content\/uploads\/2021\/04\/grande-traversata-appennini-mappa-1.jpg&#8221; background_position=&#8221;top_left&#8221; custom_button_one=&#8221;on&#8221; button_one_text_size=&#8221;18px&#8221; button_one_bg_color=&#8221;#02d002&#8243; button_one_border_width=&#8221;8px&#8221; button_one_border_color=&#8221;#02d002&#8243; button_one_border_radius=&#8221;0px&#8221; button_one_letter_spacing=&#8221;1px&#8221; button_one_font=&#8221;Lato|700|||||||&#8221; button_one_use_icon=&#8221;off&#8221; custom_button_two=&#8221;on&#8221; button_two_text_size=&#8221;18px&#8221; button_two_text_color=&#8221;#353740&#8243; button_two_bg_color=&#8221;#ffffff&#8221; button_two_border_width=&#8221;8px&#8221; button_two_border_color=&#8221;#ffffff&#8221; button_two_border_radius=&#8221;0px&#8221; button_two_letter_spacing=&#8221;1px&#8221; button_two_font=&#8221;Lato|700|||||||&#8221; button_two_use_icon=&#8221;off&#8221; custom_margin=&#8221;|||&#8221; custom_padding=&#8221;8%||8%|&#8221; filter_saturate=&#8221;0%&#8221; filter_brightness=&#8221;140%&#8221; animation_style=&#8221;fade&#8221; animation_delay=&#8221;2ms&#8221; animation_starting_opacity=&#8221;3%&#8221; button_one_letter_spacing_hover=&#8221;1px&#8221; button_two_letter_spacing_hover=&#8221;1px&#8221; locked=&#8221;off&#8221; button_one_text_size__hover_enabled=&#8221;off&#8221; button_two_text_size__hover_enabled=&#8221;off&#8221; button_one_text_color__hover_enabled=&#8221;off&#8221; button_two_text_color__hover_enabled=&#8221;off&#8221; button_one_border_width__hover_enabled=&#8221;off&#8221; button_two_border_width__hover_enabled=&#8221;off&#8221; button_one_border_color__hover_enabled=&#8221;off&#8221; button_two_border_color__hover_enabled=&#8221;off&#8221; button_one_border_radius__hover_enabled=&#8221;off&#8221; button_two_border_radius__hover_enabled=&#8221;off&#8221; button_one_letter_spacing__hover_enabled=&#8221;on&#8221; button_one_letter_spacing__hover=&#8221;1px&#8221; button_two_letter_spacing__hover_enabled=&#8221;on&#8221; button_two_letter_spacing__hover=&#8221;1px&#8221; button_one_bg_color__hover_enabled=&#8221;off&#8221; button_two_bg_color__hover_enabled=&#8221;off&#8221;][\/et_pb_fullwidth_header][\/et_pb_section][et_pb_section fb_built=&#8221;1&#8243; admin_label=&#8221;Prima Riga&#8221; _builder_version=&#8221;4.9.4&#8243; custom_padding=&#8221;10px||30px||false|false&#8221; collapsed=&#8221;off&#8221;][et_pb_row column_structure=&#8221;1_3,1_3,1_3&#8243; admin_label=&#8221;prima riga&#8221; _builder_version=&#8221;4.9.4&#8243;][et_pb_column type=&#8221;1_3&#8243; _builder_version=&#8221;3.25&#8243; custom_padding=&#8221;|||&#8221; custom_padding__hover=&#8221;|||&#8221;][et_pb_blurb title=&#8221;GUIDEMILIA&#8221; url_new_window=&#8221;on&#8221; image=&#8221;https:\/\/zerotowild.org\/wp-content\/uploads\/2021\/04\/Logo-GuidEmilia.jpg&#8221; alt=&#8221;Logo GuidEmilia&#8221; _builder_version=&#8221;4.9.4&#8243; _module_preset=&#8221;default&#8221; header_text_align=&#8221;center&#8221; body_text_align=&#8221;center&#8221; background_color=&#8221;#ffffff&#8221; custom_padding=&#8221;20px|15px|20px|15px|false|false&#8221; link_option_url=&#8221;https:\/\/www.facebook.com\/GuidEmilia\/&#8221; link_option_url_new_window=&#8221;on&#8221; hover_enabled=&#8221;0&#8243; border_radii=&#8221;on|15px|15px|15px|15px&#8221; border_width_all=&#8221;1px&#8221; border_color_all=&#8221;#CFD2CD&#8221; box_shadow_style=&#8221;preset1&#8243; sticky_enabled=&#8221;0&#8243;]<\/p>\n<p style=\"text-align: center;\"><em>Guide Ambientali Escursionistiche<\/em><\/p>\n<p style=\"text-align: center;\">Un gruppo eterogeneo ma affiatato di Guide Ambientali Escursionistiche, Guide Turistiche ed Accompagnatori Turistici, con una visione condivisa rispetto ad un turismo lento, sostenibile ed espierenziale.<\/p>\n<p style=\"text-align: center;\">All\u2019interno di GuidEmilia la cooperazione tra le varie figure professionali, la condivisione delle esperienze e delle competenze sono molto forti, e rendono possibile un\u2019ampia proposta di iniziative che spaziano su pi\u00f9 fronti: escursioni a tema naturalistico, gastronomico, storico, avvicinamento all\u2019equitazione, escursioni in e-bike, riconoscimento delle erbe selvatiche commestibili, visite a castelli e borghi storici e tanto altro.<\/p>\n<p style=\"text-align: center;\">Le proposte del gruppo GuidEmilia tendono a valorizzare e fare scoprire luoghi ed aspetti meno noti del territorio emiliano.<br \/>La filosofia del gruppo \u00e8 incentrata su valori etici quali il rispetto della natura, della vita, delle persone e persegue la tendenza al benessere nella riscoperta dei luoghi, delle storie e delle tradizioni.<\/p>\n<div dir=\"auto\"><\/div>\n<p>[\/et_pb_blurb][\/et_pb_column][et_pb_column type=&#8221;1_3&#8243; _builder_version=&#8221;3.25&#8243; custom_padding=&#8221;|||&#8221; custom_padding__hover=&#8221;|||&#8221;][et_pb_blurb title=&#8221;FATTI DI MONTAGNA&#8221; url_new_window=&#8221;on&#8221; image=&#8221;https:\/\/zerotowild.org\/wp-content\/uploads\/2021\/04\/fatti-di-montagna.jpg&#8221; alt=&#8221;Fatti di Montagna&#8221; _builder_version=&#8221;4.9.4&#8243; _module_preset=&#8221;default&#8221; header_text_align=&#8221;center&#8221; body_text_align=&#8221;center&#8221; background_color=&#8221;#ffffff&#8221; custom_padding=&#8221;20px|15px|20px|15px|false|false&#8221; link_option_url=&#8221;https:\/\/fattidimontagna.it\/&#8221; link_option_url_new_window=&#8221;on&#8221; hover_enabled=&#8221;0&#8243; border_radii=&#8221;on|15px|15px|15px|15px&#8221; border_width_all=&#8221;1px&#8221; border_color_all=&#8221;#CFD2CD&#8221; box_shadow_style=&#8221;preset1&#8243; sticky_enabled=&#8221;0&#8243;]<\/p>\n<p style=\"text-align: center;\"><em>Sito web di notizie e media<\/em><\/p>\n<p style=\"text-align: center;\"><span>Se non la raccontiamo e se non impariamo a conoscerla, la montagna si appiattisce dietro a stereotipi ed indifferenza. Una montagna piatta \u00e8 una montagna che non esiste.<\/span><\/p>\n<p style=\"text-align: center;\"><span>La montagna \u00e8 per noi un ambiente unico che pu\u00f2 offrire possibilit\u00e0 di svago e di lavoro; un ambiente dove possono convivere attivit\u00e0 economiche, sportive e culturali, anche d\u2019eccezione, purch\u00e9 rispettose delle specificit\u00e0 del territorio in cui si inseriscono e sviluppano.<\/span><\/p>\n<p style=\"text-align: center;\"><span>Per noi il rispetto dell\u2019ambiente non \u00e8 una moda o una strategia di marketing: \u00e8 l\u2019imprescindibile bussola con cui orientiamo le nostre scelte. Sapendo che ogni nostra attivit\u00e0 ha un impatto, vogliamo sempre domandarci se stiamo facendo tutto il possibile perch\u00e9 il nostro agire non ipotechi negativamente il futuro della montagna, dell\u2019ambiente in generale e di conseguenza il futuro di tutti noi.<\/span><\/p>\n<p>[\/et_pb_blurb][\/et_pb_column][et_pb_column type=&#8221;1_3&#8243; _builder_version=&#8221;4.9.4&#8243; _module_preset=&#8221;default&#8221;][et_pb_blurb title=&#8221;SENTIERI DI FELICIT\u00c0&#8221; url_new_window=&#8221;on&#8221; image=&#8221;https:\/\/zerotowild.org\/wp-content\/uploads\/2021\/04\/Logo-Sentieri-Felicita.jpg&#8221; alt=&#8221;Sentieri di Felicit\u00e0 &#8211; ODV&#8221; _builder_version=&#8221;4.9.4&#8243; _module_preset=&#8221;default&#8221; header_text_align=&#8221;center&#8221; body_text_align=&#8221;center&#8221; background_color=&#8221;#ffffff&#8221; custom_padding=&#8221;20px|15px|20px|15px|false|false&#8221; link_option_url=&#8221;https:\/\/www.sentieridifelicita.it\/&#8221; link_option_url_new_window=&#8221;on&#8221; border_radii=&#8221;on|15px|15px|15px|15px&#8221; border_width_all=&#8221;1px&#8221; border_color_all=&#8221;#CFD2CD&#8221; box_shadow_style=&#8221;preset1&#8243;]<\/p>\n<p style=\"text-align: center;\"><em>Associazione di Volontariato<\/em><\/p>\n<p style=\"text-align: center;\"><span>Il nostro scopo \u00e8 quello di poter permettere a tutti, senza distinzione, di godere del potere terapeutico del cammino e della natura, del regolare i nostri ritmi in base al sole e alle ore di luce, del percepire il rumore del vento nel grano che, di fatto, sono curativi.<\/span><br \/><span>Un cammino per tutti significa uguaglianza, fraternit\u00e0, condivisione, vuol dire essere tutti sulla stessa barca per aiutarci e sostenerci a vicenda.<\/span><\/p>\n<p>[\/et_pb_blurb][\/et_pb_column][\/et_pb_row][et_pb_row _builder_version=&#8221;4.9.4&#8243; _module_preset=&#8221;default&#8221;][et_pb_column type=&#8221;4_4&#8243; _builder_version=&#8221;4.9.4&#8243; _module_preset=&#8221;default&#8221;][et_pb_text _builder_version=&#8221;4.9.4&#8243; _module_preset=&#8221;default&#8221;]<\/p>\n<p>I nostri ringraziamenti per il supporto e la condivisione degli obiettivi a:<\/p>\n<p>[\/et_pb_text][\/et_pb_column][\/et_pb_row][et_pb_row column_structure=&#8221;1_4,1_4,1_4,1_4&#8243; _builder_version=&#8221;4.9.4&#8243; _module_preset=&#8221;default&#8221;][et_pb_column type=&#8221;1_4&#8243; _builder_version=&#8221;4.9.4&#8243; _module_preset=&#8221;default&#8221;][et_pb_image src=&#8221;https:\/\/zerotowild.org\/wp-content\/uploads\/2021\/04\/Logo-Gingernino-1.jpg&#8221; alt=&#8221;Logo Gingernino&#8221; title_text=&#8221;Logo-Gingernino&#8221; url=&#8221;https:\/\/gingernino.it\/&#8221; _builder_version=&#8221;4.9.4&#8243; _module_preset=&#8221;default&#8221;][\/et_pb_image][\/et_pb_column][et_pb_column type=&#8221;1_4&#8243; _builder_version=&#8221;4.9.4&#8243; _module_preset=&#8221;default&#8221;][et_pb_image src=&#8221;https:\/\/zerotowild.org\/wp-content\/uploads\/2021\/04\/Logo-Bivo.jpg&#8221; alt=&#8221;Logo Bivo&#8221; title_text=&#8221;Logo Bivo&#8221; url=&#8221;http:\/\/bivo.it\/&#8221; _builder_version=&#8221;4.9.4&#8243; _module_preset=&#8221;default&#8221;][\/et_pb_image][\/et_pb_column][et_pb_column type=&#8221;1_4&#8243; _builder_version=&#8221;4.9.4&#8243; _module_preset=&#8221;default&#8221;][et_pb_image src=&#8221;https:\/\/zerotowild.org\/wp-content\/uploads\/2021\/04\/Logo-Kynotex-1.jpg&#8221; alt=&#8221;Logo Kynotex&#8221; title_text=&#8221;logo kynotex&#8221; url=&#8221;http:\/\/kynotex.it\/&#8221; _builder_version=&#8221;4.9.4&#8243; _module_preset=&#8221;default&#8221;][\/et_pb_image][\/et_pb_column][et_pb_column type=&#8221;1_4&#8243; _builder_version=&#8221;4.9.4&#8243; _module_preset=&#8221;default&#8221;][et_pb_image src=&#8221;https:\/\/zerotowild.org\/wp-content\/uploads\/2021\/04\/Logo-Ediciclo-1.jpg&#8221; alt=&#8221;Logo Ediciclo&#8221; title_text=&#8221;Logo Ediciclo&#8221; url=&#8221;http:\/\/ediciclo.it\/&#8221; _builder_version=&#8221;4.9.4&#8243; _module_preset=&#8221;default&#8221;][\/et_pb_image][\/et_pb_column][\/et_pb_row][\/et_pb_section][et_pb_section fb_built=&#8221;1&#8243; fullwidth=&#8221;on&#8221; admin_label=&#8221;Call to Action&#8221; _builder_version=&#8221;4.9.1&#8243; top_divider_style=&#8221;ramp2&#8243; top_divider_color=&#8221;#E5E6E4&#8243; animation_style=&#8221;fade&#8221; animation_direction=&#8221;bottom&#8221; animation_starting_opacity=&#8221;100%&#8221; global_module=&#8221;427&#8243; saved_tabs=&#8221;all&#8221; locked=&#8221;off&#8221;][et_pb_fullwidth_header title=&#8221;Diventa anche tu parte del progetto&#8221; button_one_text=&#8221;Contattaci&#8221; button_one_url=&#8221;@ET-DC@eyJkeW5hbWljIjp0cnVlLCJjb250ZW50IjoicG9zdF9saW5rX3VybF9wYWdlIiwic2V0dGluZ3MiOnsicG9zdF9pZCI6IjM5MSJ9fQ==@&#8221; button_two_text=&#8221;Fai una Donazione&#8221; button_two_url=&#8221;@ET-DC@eyJkeW5hbWljIjp0cnVlLCJjb250ZW50IjoicG9zdF9saW5rX3VybF9wYWdlIiwic2V0dGluZ3MiOnsicG9zdF9pZCI6IjI0OTA0In19@&#8221; content_max_width=&#8221;800px&#8221; _builder_version=&#8221;4.9.4&#8243; _dynamic_attributes=&#8221;button_one_url,button_two_url&#8221; title_level=&#8221;h2&#8243; title_font=&#8221;Lato||||||||&#8221; title_font_size=&#8221;60px&#8221; title_line_height=&#8221;1.2em&#8221; content_font=&#8221;||||||||&#8221; content_font_size=&#8221;20px&#8221; content_line_height=&#8221;1.8em&#8221; background_color=&#8221;rgba(255, 255, 255, 0)&#8221; use_background_color_gradient=&#8221;on&#8221; background_color_gradient_start=&#8221;rgba(0,0,0,0.75)&#8221; background_color_gradient_end=&#8221;rgba(0,0,0,0)&#8221; background_color_gradient_direction=&#8221;90deg&#8221; background_color_gradient_overlays_image=&#8221;on&#8221; background_image=&#8221;https:\/\/zerotowild.org\/wp-content\/uploads\/2021\/03\/06.jpeg&#8221; custom_button_one=&#8221;on&#8221; button_one_text_size=&#8221;18px&#8221; button_one_bg_color=&#8221;#A6A2A2&#8243; button_one_border_width=&#8221;8px&#8221; button_one_border_color=&#8221;#A6A2A2&#8243; button_one_border_radius=&#8221;11px&#8221; button_one_letter_spacing=&#8221;1px&#8221; button_one_font=&#8221;Roboto|700|||||||&#8221; button_one_icon=&#8221;%%24%%&#8221; button_one_icon_color=&#8221;#FFFFFF&#8221; custom_button_two=&#8221;on&#8221; button_two_text_size=&#8221;18px&#8221; button_two_text_color=&#8221;#353740&#8243; button_two_bg_color=&#8221;#ffffff&#8221; button_two_border_width=&#8221;8px&#8221; button_two_border_color=&#8221;#ffffff&#8221; button_two_border_radius=&#8221;11px&#8221; button_two_letter_spacing=&#8221;1px&#8221; button_two_font=&#8221;Roboto|700|||||||&#8221; button_two_icon=&#8221;%%24%%&#8221; button_two_icon_color=&#8221;#000000&#8243; custom_margin=&#8221;|||&#8221; custom_padding=&#8221;8%||8%|&#8221; button_one_letter_spacing_hover=&#8221;1px&#8221; button_two_letter_spacing_hover=&#8221;1px&#8221; button_one_text_size__hover_enabled=&#8221;off&#8221; button_two_text_size__hover_enabled=&#8221;off&#8221; button_one_text_color__hover_enabled=&#8221;off&#8221; button_two_text_color__hover_enabled=&#8221;off&#8221; button_one_border_width__hover_enabled=&#8221;off&#8221; button_two_border_width__hover_enabled=&#8221;off&#8221; button_one_border_color__hover_enabled=&#8221;off&#8221; button_two_border_color__hover_enabled=&#8221;off&#8221; button_one_border_radius__hover_enabled=&#8221;off&#8221; button_two_border_radius__hover_enabled=&#8221;off&#8221; button_one_letter_spacing__hover_enabled=&#8221;on&#8221; button_one_letter_spacing__hover=&#8221;1px&#8221; button_two_letter_spacing__hover_enabled=&#8221;on&#8221; button_two_letter_spacing__hover=&#8221;1px&#8221; button_one_bg_color__hover_enabled=&#8221;off&#8221; button_two_bg_color__hover_enabled=&#8221;off&#8221;][\/et_pb_fullwidth_header][\/et_pb_section]<\/p>\n","protected":false},"excerpt":{"rendered":"<p>Guide Ambientali Escursionistiche Un gruppo eterogeneo ma affiatato di Guide Ambientali Escursionistiche, Guide Turistiche ed Accompagnatori Turistici, con una visione condivisa rispetto ad un turismo lento, sostenibile ed espierenziale. All\u2019interno di GuidEmilia la cooperazione tra le varie figure professionali, la condivisione delle esperienze e delle competenze sono molto forti, e rendono possibile un\u2019ampia proposta di [&hellip;]<\/p>\n","protected":false},"author":1,"featured_media":0,"parent":0,"menu_order":0,"comment_status":"closed","ping_status":"closed","template":"","meta":{"_et_pb_use_builder":"on","_et_pb_old_content":"<!-- wp:divi\/placeholder \/-->","_et_gb_content_width":"","footnotes":""},"class_list":["post-26509","page","type-page","status-publish","hentry"],"_links":{"self":[{"href":"https:\/\/zerotowild.org\/en\/wp-json\/wp\/v2\/pages\/26509","targetHints":{"allow":["GET"]}}],"collection":[{"href":"https:\/\/zerotowild.org\/en\/wp-json\/wp\/v2\/pages"}],"about":[{"href":"https:\/\/zerotowild.org\/en\/wp-json\/wp\/v2\/types\/page"}],"author":[{"embeddable":true,"href":"https:\/\/zerotowild.org\/en\/wp-json\/wp\/v2\/users\/1"}],"replies":[{"embeddable":true,"href":"https:\/\/zerotowild.org\/en\/wp-json\/wp\/v2\/comments?post=26509"}],"version-history":[{"count":13,"href":"https:\/\/zerotowild.org\/en\/wp-json\/wp\/v2\/pages\/26509\/revisions"}],"predecessor-version":[{"id":26970,"href":"https:\/\/zerotowild.org\/en\/wp-json\/wp\/v2\/pages\/26509\/revisions\/26970"}],"wp:attachment":[{"href":"https:\/\/zerotowild.org\/en\/wp-json\/wp\/v2\/media?parent=26509"}],"curies":[{"name":"wp","href":"https:\/\/api.w.org\/{rel}","templated":true}]}}